{"id":417,"date":"2019-08-27T11:14:38","date_gmt":"2019-08-27T14:14:38","guid":{"rendered":"http:\/\/wweasyshop.com\/us\/?post_type=product&#038;p=417"},"modified":"2019-08-29T11:43:02","modified_gmt":"2019-08-29T14:43:02","slug":"notebook-hp-intel-quadcore-gold-4gb-ram-500gb-hdd-laptop-15-6-touch","status":"publish","type":"product","link":"http:\/\/wweasyshop.com\/us\/product\/notebook-hp-intel-quadcore-gold-4gb-ram-500gb-hdd-laptop-15-6-touch\/","title":{"rendered":"Notebook HP Intel Pentium GOLD \/ 4GB RAM + 500GB HDD \/ Laptop 15.6&#8243; Touch"},"content":{"rendered":"<div>\n<ul>\n<li><b>** GARANT\u00cdA 12 MESES * ATENCI\u00d3N DIRECTA EN TU PA\u00cdS **<\/b><\/li>\n<li>24 MESES DE GARANT\u00cdA Y SOPORTE ONLINE<\/li>\n<li>SOMOS LIDERES EN VENTAS Y SOPORTE INTERNACIONAL<\/li>\n<\/ul>\n<div><\/div>\n<ul>\n<li>COMPRA F\u00c1CIL !!<\/li>\n<li>Paga en tu moneda local y rec\u00edbelo DIRECTO DE USA en la puerta de tu casa !<\/li>\n<li>No te pierdas los Promociones y Descuentos vigentes en tu pa\u00eds<\/li>\n<\/ul>\n<div><\/div>\n<\/div>\n<ul>\n<li>CARACTER\u00cdSTICAS<\/li>\n<li><span lang=\"ES-CO\">Procesador: I<\/span>ntel Pentium\u00ae Gold 4417U (2.3 GHz, 2 MB cache, 2 cores)<\/li>\n<li><span lang=\"ES-CO\">Ram: 4GB DDR4<\/span><\/li>\n<li><span lang=\"ES-CO\">Almacenamiento: 500GB HDD<\/span><\/li>\n<li><span lang=\"ES-CO\">Pantalla: 15,6&#8243;\u00a0 1366&#215;768 HD\u00a0<span lang=\"ES-CO\">BRIGHTVIEW WLED TOUCH<\/span><\/span><\/li>\n<li><span lang=\"ES-CO\">Sistema Operativo: Windows 10 US Original<\/span><\/li>\n<li><span lang=\"ES-CO\">Tarjeta Gr\u00e1fica: Intel\u00ae HD Graphics 610<\/span><\/li>\n<li><span lang=\"ES-CO\"><span lang=\"ES-CO\">Teclado: Internacional con pad num\u00e9rico incorporado<\/span><\/span><\/li>\n<li><span lang=\"ES-CO\"><span lang=\"ES-CO\"><span lang=\"ES-CO\">Dvd: SuperMulti DVD burner<\/span><\/span><\/span><\/li>\n<li><span lang=\"ES-CO\">Garant\u00eda: 12 meses\u00a0<\/span><\/li>\n<\/ul>\n<p>&nbsp;<\/p>\n<ul>\n<li>OTROS<\/li>\n<li><span lang=\"ES-CO\">HP TrueVision HD Webcam \/ Micr\u00f3fono Incorporado \/ Wifi \/ Bluetooth 4.2<\/span><\/li>\n<li><span lang=\"ES-CO\">2 USB 3.1, 1 USB 2.0, 1 HDMI, SD Memory Card<\/span><\/li>\n<li><span lang=\"ES-CO\">Control zone trackpad Mouse, Equipo con Sistema de Alta Refrigeraci\u00f3n con tecnolog\u00eda CoolSense.<\/span><\/li>\n<li><span lang=\"ES-CO\">Bater\u00eda: Lithium ion.<\/span><\/li>\n<li><span lang=\"ES-CO\">Sonido: Stereo speakers<\/span><\/li>\n<li>Software Operating system Windows 10 Home 64<\/li>\n<li>HP apps: HP Audio Switch; HP ePrint; HP Games by WildTangent; HP JumpStart; HP Recovery Manager; HP Support Assistant; HP Connection Optimizer<\/li>\n<li>Software included: McAfee LiveSafe\u2122<\/li>\n<li>Pre-installed software: CyberLink Power Media Player; Netflix; VUDU<\/li>\n<\/ul>\n<div><\/div>\n<ul>\n<li>CONTENIDO DE LA COMPRA: Notebook, Bater\u00eda, Cargador, Folleteria HP, Factura y Garant\u00eda<\/li>\n<li>Departamento exclusivo de postventa en tu pa\u00eds<\/li>\n<li>SKU: NTB\/HP15-BS144<\/li>\n<\/ul>\n<p>&nbsp;<\/p>\n","protected":false},"excerpt":{"rendered":"<p>Intel\u00ae Pentium\u00ae Gold 4417U<br \/>\n4GB RAM<br \/>\n500GB HDD<\/p>\n","protected":false},"featured_media":467,"comment_status":"open","ping_status":"closed","template":"","meta":{"_et_pb_use_builder":"","_et_pb_old_content":""},"product_cat":[31,36,40],"product_tag":[],"_links":{"self":[{"href":"http:\/\/wweasyshop.com\/us\/wp-json\/wp\/v2\/product\/417"}],"collection":[{"href":"http:\/\/wweasyshop.com\/us\/wp-json\/wp\/v2\/product"}],"about":[{"href":"http:\/\/wweasyshop.com\/us\/wp-json\/wp\/v2\/types\/product"}],"replies":[{"embeddable":true,"href":"http:\/\/wweasyshop.com\/us\/wp-json\/wp\/v2\/comments?post=417"}],"wp:featuredmedia":[{"embeddable":true,"href":"http:\/\/wweasyshop.com\/us\/wp-json\/wp\/v2\/media\/467"}],"wp:attachment":[{"href":"http:\/\/wweasyshop.com\/us\/wp-json\/wp\/v2\/media?parent=417"}],"wp:term":[{"taxonomy":"product_cat","embeddable":true,"href":"http:\/\/wweasyshop.com\/us\/wp-json\/wp\/v2\/product_cat?post=417"},{"taxonomy":"product_tag","embeddable":true,"href":"http:\/\/wweasyshop.com\/us\/wp-json\/wp\/v2\/product_tag?post=417"}],"curies":[{"name":"wp","href":"https:\/\/api.w.org\/{rel}","templated":true}]}}