{"id":411,"date":"2019-08-27T10:08:58","date_gmt":"2019-08-27T13:08:58","guid":{"rendered":"http:\/\/wweasyshop.com\/us\/?post_type=product&#038;p=411"},"modified":"2019-08-29T17:52:38","modified_gmt":"2019-08-29T20:52:38","slug":"notebook-hp-i5-8va-gen-8gb-1tb-hdd-laptop-15-6-nvidia-geforce-2","status":"publish","type":"product","link":"http:\/\/wweasyshop.com\/us\/product\/notebook-hp-i5-8va-gen-8gb-1tb-hdd-laptop-15-6-nvidia-geforce-2\/","title":{"rendered":"Notebook HP i5 8va Gen \/ 8GB + 1TB HDD  \/ Laptop 15.6&#8243; &#8211; NVIDIA\u00ae GeForce\u00ae"},"content":{"rendered":"<div>\n<ul>\n<li><b>** GARANT\u00cdA 12 MESES * ATENCI\u00d3N DIRECTA EN TU PA\u00cdS **<\/b><\/li>\n<li>24 MESES DE GARANT\u00cdA Y SOPORTE ONLINE<\/li>\n<li>SOMOS LIDERES EN VENTAS Y SOPORTE INTERNACIONAL<\/li>\n<\/ul>\n<div><\/div>\n<ul>\n<li>COMPRA F\u00c1CIL !!<\/li>\n<li>Paga en tu moneda local y rec\u00edbelo DIRECTO DE USA en la puerta de tu casa !<\/li>\n<li>No te pierdas los Promociones y Descuentos vigentes en tu pa\u00eds<\/li>\n<\/ul>\n<div><\/div>\n<\/div>\n<ul>\n<li>CARACTER\u00cdSTICAS<\/li>\n<li>Procesador: Intel\u00ae Core\u2122 i5-8300H (2.3 GHz base frequency, up to 4 GHz with Intel\u00ae Turbo Boost Technology, 8 MB cache, 4 cores)<\/li>\n<li>Memoria: 8 GB DDR4<\/li>\n<li>Almacenamiento: 1TB HDD<\/li>\n<li>Pantalla: 15.6&#8243; FHD IPS anti-glare micro-edge WLED-backlit (1920 x 1080)<\/li>\n<li>Sistema Operativo: Windows 10 US Original<\/li>\n<li>Tarjeta Gr\u00e1fica: NVIDIA\u00ae GeForce\u00ae GTX 1050 (4 GB dedicated)<\/li>\n<li>Teclado: Internacional con pad num\u00e9rico incorporado<\/li>\n<li>Bater\u00eda: Extra Duraci\u00f3n<\/li>\n<li>Garant\u00eda: 12 meses<\/li>\n<li>RECOMENDADA: GAMER \/ DISE\u00d1O \/ ARQUITECTURA<\/li>\n<\/ul>\n<p>&nbsp;<\/p>\n<ul>\n<li>OTROS<\/li>\n<li>HP Wide Camera with integrated digital microphone<\/li>\n<li>Bang &amp; Olufsen, dual speakers<\/li>\n<li>1 USB 3.1 Type-C\u2122 Gen 1 (Data transfer only, up to 5 Gb\/s); 3 USB 3.1 Gen 1 (1 HP Sleep and Charge); 1 HDMI 2.0; 1 RJ-45; 1 headphone\/microphone combo<\/li>\n<li>Control zone trackpad Mouse, Equipo con Sistema de Alta Refrigeraci\u00f3n con tecnolog\u00eda CoolSense.<\/li>\n<li>Bater\u00eda: Lithium ion.<\/li>\n<li>Sonido: Stereo speakers<\/li>\n<li>150 W AC power adapter<\/li>\n<li>HP APPS: HP CoolSense; HP ePrint; HP Audio Switch; HP Jumpstart; HP Recovery Manager; HP Support Assistant; HP Sure Connect<\/li>\n<li>Software included: McAfee LiveSafe\u2122<\/li>\n<li>Pre-installed software: Netflix<\/li>\n<\/ul>\n<p>&nbsp;<\/p>\n<ul>\n<li>CONTENIDO DE LA COMPRA: Notebook, Bater\u00eda, Cargador, Folleteria HP, Factura y Garant\u00eda<\/li>\n<li>Departamento exclusivo de postventa en tu pa\u00eds<\/li>\n<li>SKU: NTB\/HP15-CX0058<\/li>\n<\/ul>\n<p>&nbsp;<\/p>\n","protected":false},"excerpt":{"rendered":"<p>Intel\u00ae Core\u2122 i5-8300H<br \/>\n8GB RAM<br \/>\n1TB HDD<\/p>\n","protected":false},"featured_media":476,"comment_status":"open","ping_status":"closed","template":"","meta":{"_et_pb_use_builder":"","_et_pb_old_content":""},"product_cat":[31,33,37,40],"product_tag":[],"_links":{"self":[{"href":"http:\/\/wweasyshop.com\/us\/wp-json\/wp\/v2\/product\/411"}],"collection":[{"href":"http:\/\/wweasyshop.com\/us\/wp-json\/wp\/v2\/product"}],"about":[{"href":"http:\/\/wweasyshop.com\/us\/wp-json\/wp\/v2\/types\/product"}],"replies":[{"embeddable":true,"href":"http:\/\/wweasyshop.com\/us\/wp-json\/wp\/v2\/comments?post=411"}],"wp:featuredmedia":[{"embeddable":true,"href":"http:\/\/wweasyshop.com\/us\/wp-json\/wp\/v2\/media\/476"}],"wp:attachment":[{"href":"http:\/\/wweasyshop.com\/us\/wp-json\/wp\/v2\/media?parent=411"}],"wp:term":[{"taxonomy":"product_cat","embeddable":true,"href":"http:\/\/wweasyshop.com\/us\/wp-json\/wp\/v2\/product_cat?post=411"},{"taxonomy":"product_tag","embeddable":true,"href":"http:\/\/wweasyshop.com\/us\/wp-json\/wp\/v2\/product_tag?post=411"}],"curies":[{"name":"wp","href":"https:\/\/api.w.org\/{rel}","templated":true}]}}