{"id":806,"date":"2019-09-03T15:23:52","date_gmt":"2019-09-03T18:23:52","guid":{"rendered":"http:\/\/wweasyshop.com\/us\/?page_id=806"},"modified":"2019-10-11T15:57:09","modified_gmt":"2019-10-11T18:57:09","slug":"envios-internacionales-gratis","status":"publish","type":"page","link":"http:\/\/wweasyshop.com\/us\/envios-internacionales-gratis\/","title":{"rendered":"Env\u00edos Internacionales GRATIS"},"content":{"rendered":"<p>[et_pb_section fb_built=&#8221;1&#8243; _builder_version=&#8221;3.27.3&#8243; fb_built=&#8221;1&#8243; _i=&#8221;0&#8243; _address=&#8221;0&#8243;][et_pb_row _builder_version=&#8221;3.27.3&#8243; _i=&#8221;0&#8243; _address=&#8221;0.0&#8243;][et_pb_column type=&#8221;4_4&#8243; _builder_version=&#8221;3.27.3&#8243; _i=&#8221;0&#8243; _address=&#8221;0.0.0&#8243;][et_pb_text _builder_version=&#8221;3.27.3&#8243; header_2_text_align=&#8221;center&#8221; _i=&#8221;0&#8243; _address=&#8221;0.0.0.0&#8243;]<\/p>\n<h2>Env\u00edos Internacionales GRATIS<\/h2>\n<p>[\/et_pb_text][\/et_pb_column][\/et_pb_row][et_pb_row column_structure=&#8221;1_2,1_2&#8243; make_equal=&#8221;on&#8221; _builder_version=&#8221;3.27.3&#8243; _i=&#8221;1&#8243; _address=&#8221;0.1&#8243;][et_pb_column type=&#8221;1_2&#8243; _builder_version=&#8221;3.27.3&#8243; custom_css_main_element=&#8221;margin: auto;&#8221; _i=&#8221;0&#8243; _address=&#8221;0.1.0&#8243;][et_pb_toggle title=&#8221;\u00bfCu\u00e1nto cuesta mi pedido?&#8221; icon_color=&#8221;#ed1b24&#8243; _builder_version=&#8221;3.27.3&#8243; title_font=&#8221;|600|||||||&#8221; hover_enabled=&#8221;0&#8243; _i=&#8221;0&#8243; _address=&#8221;0.1.0.0&#8243;]<\/p>\n<p>TODOS nuestros env\u00edos internacionales son\u00a0GRATIS\u00a0y con seguro de viaje.<\/p>\n<p>[\/et_pb_toggle][et_pb_toggle title=&#8221;\u00bfCu\u00e1nto tarda en llegar?&#8221; icon_color=&#8221;#ed1b24&#8243; _builder_version=&#8221;3.27.3&#8243; title_font=&#8221;|600|||||||&#8221; hover_enabled=&#8221;0&#8243; _i=&#8221;1&#8243; _address=&#8221;0.1.0.1&#8243;]<\/p>\n<p>La demora habitual es de 5 d\u00edas h\u00e1biles desde que tu compra ha sido procesada y confirmada. Te enviaremos el C\u00f3digo de segumiento por DHL<\/p>\n<p>[\/et_pb_toggle][et_pb_text _builder_version=&#8221;3.27.3&#8243; hover_enabled=&#8221;0&#8243; _i=&#8221;2&#8243; _address=&#8221;0.1.0.2&#8243;]<\/p>\n<p>Pod\u00e9s ver m\u00e1s respuestas a preguntas frecuentes en nuestra <a href=\"http:\/\/wweasyshop.com\/us\/preguntas-frecuentes\/\" target=\"_blank\" rel=\"noopener noreferrer\">secci\u00f3n especial<\/a><\/p>\n<p>[\/et_pb_text][\/et_pb_column][et_pb_column type=&#8221;1_2&#8243; _builder_version=&#8221;3.27.3&#8243; custom_css_main_element=&#8221;margin: auto;&#8221; _i=&#8221;1&#8243; _address=&#8221;0.1.1&#8243;][et_pb_image src=&#8221;http:\/\/wweasyshop.com\/us\/wp-content\/uploads\/sites\/8\/2019\/09\/Envios-Internacionales.jpg&#8221; _builder_version=&#8221;3.27.3&#8243; _i=&#8221;0&#8243; _address=&#8221;0.1.1.0&#8243;][\/et_pb_image][\/et_pb_column][\/et_pb_row][\/et_pb_section]<\/p>\n","protected":false},"excerpt":{"rendered":"<p>[et_pb_section fb_built=&#8221;1&#8243; _builder_version=&#8221;3.27.3&#8243; fb_built=&#8221;1&#8243; _i=&#8221;0&#8243; _address=&#8221;0&#8243;][et_pb_row _builder_version=&#8221;3.27.3&#8243; _i=&#8221;0&#8243; _address=&#8221;0.0&#8243;][et_pb_column type=&#8221;4_4&#8243; _builder_version=&#8221;3.27.3&#8243; _i=&#8221;0&#8243; _address=&#8221;0.0.0&#8243;][et_pb_text _builder_version=&#8221;3.27.3&#8243; header_2_text_align=&#8221;center&#8221; _i=&#8221;0&#8243; _address=&#8221;0.0.0.0&#8243;] Env\u00edos Internacionales GRATIS [\/et_pb_text][\/et_pb_column][\/et_pb_row][et_pb_row column_structure=&#8221;1_2,1_2&#8243; make_equal=&#8221;on&#8221; _builder_version=&#8221;3.27.3&#8243; _i=&#8221;1&#8243; _address=&#8221;0.1&#8243;][et_pb_column type=&#8221;1_2&#8243; _builder_version=&#8221;3.27.3&#8243; custom_css_main_element=&#8221;margin: auto;&#8221; _i=&#8221;0&#8243; _address=&#8221;0.1.0&#8243;][et_pb_toggle title=&#8221;\u00bfCu\u00e1nto cuesta mi pedido?&#8221; icon_color=&#8221;#ed1b24&#8243; _builder_version=&#8221;3.27.3&#8243; title_font=&#8221;|600|||||||&#8221; hover_enabled=&#8221;0&#8243; _i=&#8221;0&#8243; _address=&#8221;0.1.0.0&#8243;] TODOS nuestros env\u00edos internacionales son\u00a0GRATIS\u00a0y con seguro de viaje. [\/et_pb_toggle][et_pb_toggle title=&#8221;\u00bfCu\u00e1nto tarda en [&hellip;]<\/p>\n","protected":false},"author":1,"featured_media":0,"parent":0,"menu_order":0,"comment_status":"closed","ping_status":"closed","template":"","meta":{"_et_pb_use_builder":"on","_et_pb_old_content":"","footnotes":""},"_links":{"self":[{"href":"http:\/\/wweasyshop.com\/us\/wp-json\/wp\/v2\/pages\/806"}],"collection":[{"href":"http:\/\/wweasyshop.com\/us\/wp-json\/wp\/v2\/pages"}],"about":[{"href":"http:\/\/wweasyshop.com\/us\/wp-json\/wp\/v2\/types\/page"}],"author":[{"embeddable":true,"href":"http:\/\/wweasyshop.com\/us\/wp-json\/wp\/v2\/users\/1"}],"replies":[{"embeddable":true,"href":"http:\/\/wweasyshop.com\/us\/wp-json\/wp\/v2\/comments?post=806"}],"version-history":[{"count":10,"href":"http:\/\/wweasyshop.com\/us\/wp-json\/wp\/v2\/pages\/806\/revisions"}],"predecessor-version":[{"id":1300,"href":"http:\/\/wweasyshop.com\/us\/wp-json\/wp\/v2\/pages\/806\/revisions\/1300"}],"wp:attachment":[{"href":"http:\/\/wweasyshop.com\/us\/wp-json\/wp\/v2\/media?parent=806"}],"curies":[{"name":"wp","href":"https:\/\/api.w.org\/{rel}","templated":true}]}}