{"id":544,"date":"2019-08-29T18:53:33","date_gmt":"2019-08-29T21:53:33","guid":{"rendered":"http:\/\/wweasyshop.com\/pe\/?post_type=product&#038;p=544"},"modified":"2019-08-29T19:07:13","modified_gmt":"2019-08-29T22:07:13","slug":"iphone-7-256gb-rose-gold-garantia-con-apple-origina-nuevo","status":"publish","type":"product","link":"http:\/\/wweasyshop.com\/pe\/product\/iphone-7-256gb-rose-gold-garantia-con-apple-origina-nuevo\/","title":{"rendered":"iPhone 7 256gb \/\/ Rose Gold \/\/ Garantia con Apple \/ Original &#8211; Nuevo"},"content":{"rendered":"<ul>\n<li>\u00b712 MESES DE GARANT\u00cdA DIRECTA CON APPLE<\/li>\n<li>*** COMPRA F\u00c1CIL !! ***<\/li>\n<li>Paga en tu moneda local y rec\u00edbelo DIRECTO DE USA en la puerta de tu casa !<\/li>\n<li>No te pierdas los Promociones y Descuentos vigentes en tu pa\u00eds<\/li>\n<\/ul>\n<p>&nbsp;<\/p>\n<ul>\n<li><em>iPhone 7 256GB &#8211; UN SMARTPHONE SIN PRECEDENTES<\/em><\/li>\n<li>Apple logr\u00f3 una vez m\u00e1s lo que parec\u00eda imposible: un smartphone con una poderosa maquinar\u00eda en su interior, nuevas tecnolog\u00edas y un sorprendente dise\u00f1o que te brindan un desempe\u00f1o \u00f3ptimo y eficiente para las tareas de tu vida diaria.<\/li>\n<\/ul>\n<p>&nbsp;<\/p>\n<ul>\n<li><em>POTENCIA AL M\u00c1XIMO<\/em><\/li>\n<li>Podr\u00e1s experimentar un excelente funcionamiento del smartphone gracias a su procesador <strong>A10 Fusion<\/strong>, 2 veces m\u00e1s r\u00e1pido que el del iPhone 6, el cual te brindar\u00e1 una navegaci\u00f3n en Internet fluida y reproducir\u00e1 aplicaciones y contenido multimedia de manera fiel y con gr\u00e1ficos sorprendentes. Adem\u00e1s, posee un controlador de rendimiento que mejora el rendimiento de la bater\u00eda, d\u00e1ndote hasta 2 horas m\u00e1s que el iPhone 6s.<\/li>\n<\/ul>\n<p>&nbsp;<\/p>\n<ul>\n<li><em>EL MEJOR SISTEMA OPERATIVO: IOS 10<\/em><\/li>\n<li>El iPhone 7 cuenta con el sistema operativo <strong>iOS 10<\/strong>, el cual aprovecha al m\u00e1ximo el chip de <strong>64 bits<\/strong> y todas las funciones y tecnolog\u00edas que este smartphone tiene. iOS 10 facilita la seguridad con el <strong>ID Touch<\/strong> y mejora el rendimiento de las c\u00e1maras, ahora podr\u00e1s hacer varias tareas a la vez, realizar ejercicio, recibir recomendaciones de <strong>Siri<\/strong>, utilizar<strong> iCloud Drive<\/strong> y posibilidades infinitas a trav\u00e9s de una interfaz intuitiva y sofisticada.<strong> iTunes, App Store o la Book Store<\/strong> te ofrecen un infinito cat\u00e1logo de contenidos multimedia, libros y revistas, as\u00ed como aplicaciones de productividad y entretenimiento.<\/li>\n<\/ul>\n<p>&nbsp;<\/p>\n<ul>\n<li><em>PANTALLA SUPREMA<\/em><\/li>\n<li>Disfruta de una pantalla m\u00e1s amplia, con mayor contraste y pixeles dual domain que logran un color m\u00e1s preciso para que lo disfrutes desde cualquier \u00e1ngulo. La pantalla <strong>RetinaHD<\/strong> ofrece la mejor resoluci\u00f3n e imagen de a\u00fan bajo el sol; para disfrutar de una nitidez y brillo impecables en todo momento. Su nuevo bot\u00f3n de inicio permite una interacci\u00f3n m\u00e1s efectiva con el dispositivo gracias a que es m\u00e1s resistente y sensible a los est\u00edmulos de tu dedo, mientras que la tecnolog\u00eda <strong>3D Touch<\/strong> activa funciones en las aplicaciones de acuerdo al grado de presi\u00f3n ejercido sobre la pantalla<\/li>\n<\/ul>\n<p>&nbsp;<\/p>\n<ul>\n<li>LA MEJOR C\u00c1MARA EN UN SMARTPHONE<\/li>\n<li>La nueva c\u00e1mara del iPhone 7 no tiene precedentes. Completamente nueva, la c\u00e1mara principal <strong>iSight de 12 MP<\/strong> cuenta con estabilizaci\u00f3n \u00f3ptica de imagen, zoom digital de hasta 5X y <strong>Flash Quad-LED True Tone<\/strong> para capturar tus mejores momentos y grabar<strong> videos en 4K<\/strong>. Su c\u00e1mara <strong>FaceTime de 7 MP<\/strong> con Retina Flash tiene <strong>autoestabilizaci\u00f3n de imagen<\/strong>, ideal para tomar los mejores autorretratos en cualquier ambiente.<\/li>\n<\/ul>\n<p>&nbsp;<\/p>\n<ul>\n<li><em>DISE\u00d1O IMPECABLE Y UNIFORME<\/em><\/li>\n<li>Un dise\u00f1o futurista y simple hace del iPhone 7 un tel\u00e9fono m\u00e1s resistente y duradero. El proceso de construcci\u00f3n del dispositivo ha evolucionado, su cuerpo en aluminio ultrarresistente le brinda un aspecto m\u00e1s sofisticado y elegante. Adem\u00e1s, es<strong> resistente al agua, polvo y salpicaduras<\/strong> (Clasificaci\u00f3n IP67), lo que lo convierte en el smartphone ideal para cualquier ritmo de vida.<\/li>\n<\/ul>\n<p>&nbsp;<\/p>\n<ul>\n<li><em>SONIDO DE ALTA FIDELIDAD<\/em><\/li>\n<li>El nuevo iPhone 7 te sorprende con dos altavoces est\u00e9reo, uno en la parte superior y otro en la inferior con la finalidad de tener una gran calidad de sonido integrada. Con el objetivo de crear un smartphone de impecable dise\u00f1o, el puerto Jack de 3.5 mm fue suprimido para dar paso a los aud\u00edfonos de <strong>conexi\u00f3n lightning<\/strong><\/li>\n<\/ul>\n","protected":false},"excerpt":{"rendered":"<p>iPhone 7<br \/>\nRose Gold<br \/>\n256GB<br \/>\n12 Meses de Garant\u00eda con Apple Internacional<\/p>\n","protected":false},"featured_media":547,"comment_status":"open","ping_status":"closed","template":"","meta":{"_et_pb_use_builder":"","_et_pb_old_content":""},"product_cat":[44],"product_tag":[],"_links":{"self":[{"href":"http:\/\/wweasyshop.com\/pe\/wp-json\/wp\/v2\/product\/544"}],"collection":[{"href":"http:\/\/wweasyshop.com\/pe\/wp-json\/wp\/v2\/product"}],"about":[{"href":"http:\/\/wweasyshop.com\/pe\/wp-json\/wp\/v2\/types\/product"}],"replies":[{"embeddable":true,"href":"http:\/\/wweasyshop.com\/pe\/wp-json\/wp\/v2\/comments?post=544"}],"wp:featuredmedia":[{"embeddable":true,"href":"http:\/\/wweasyshop.com\/pe\/wp-json\/wp\/v2\/media\/547"}],"wp:attachment":[{"href":"http:\/\/wweasyshop.com\/pe\/wp-json\/wp\/v2\/media?parent=544"}],"wp:term":[{"taxonomy":"product_cat","embeddable":true,"href":"http:\/\/wweasyshop.com\/pe\/wp-json\/wp\/v2\/product_cat?post=544"},{"taxonomy":"product_tag","embeddable":true,"href":"http:\/\/wweasyshop.com\/pe\/wp-json\/wp\/v2\/product_tag?post=544"}],"curies":[{"name":"wp","href":"https:\/\/api.w.org\/{rel}","templated":true}]}}