{"id":525,"date":"2019-08-29T12:10:17","date_gmt":"2019-08-29T15:10:17","guid":{"rendered":"http:\/\/wweasyshop.com\/pe\/?post_type=product&#038;p=525"},"modified":"2019-08-29T12:26:59","modified_gmt":"2019-08-29T15:26:59","slug":"notebook-asus-i7-9750h-9na-gen-8gb-ram-512gb-ssd-laptop-15-6-fhd-nvidia-gtx-1650","status":"publish","type":"product","link":"http:\/\/wweasyshop.com\/pe\/product\/notebook-asus-i7-9750h-9na-gen-8gb-ram-512gb-ssd-laptop-15-6-fhd-nvidia-gtx-1650\/","title":{"rendered":"Notebook ASUS i7 9750H 9na Gen \/ 8GB RAM + 512GB SSD &#8211; Laptop 15.6&#8243; FHD &#8211; NVIDIA GTX 1650"},"content":{"rendered":"<div>\n<ul>\n<li><b>** GARANT\u00cdA 12 MESES * ATENCI\u00d3N DIRECTA EN TU PA\u00cdS **<\/b><\/li>\n<li>24 MESES DE GARANT\u00cdA Y SOPORTE ONLINE<\/li>\n<li>SOMOS LIDERES EN VENTAS Y SOPORTE INTERNACIONAL<\/li>\n<\/ul>\n<div><\/div>\n<ul>\n<li>COMPRA F\u00c1CIL !!<\/li>\n<li>Paga en tu moneda local y rec\u00edbelo DIRECTO DE USA en la puerta de tu casa !<\/li>\n<li>No te pierdas los Promociones y Descuentos vigentes en tu pa\u00eds<\/li>\n<\/ul>\n<p>&nbsp;<\/p>\n<\/div>\n<ul>\n<li>CARACTERISTICAS<\/li>\n<li>Procesador: Intel\u00ae Core\u2122 i7- 9750H \/\/ 9na GENERACI\u00d3N !!!<\/li>\n<li>Memoria: 8GB<\/li>\n<li>Almacenamiento: 512GB PCle (unico disco ULTRA RAPIDO)<\/li>\n<li>Pantalla: 15.6&#8243; FHD (1920 x 1080) Energy-efficient LED backlight.<\/li>\n<li>Sistema Operativo: Windows 10 US Original<\/li>\n<li>Tarjeta Gr\u00e1fica: NVIDIA GeForce GTX 1650 graphics<\/li>\n<li>Bater\u00eda: Extra Duraci\u00f3n (4 horas)<\/li>\n<li>Garant\u00eda: 12 meses<\/li>\n<\/ul>\n<p>&nbsp;<\/p>\n<ul>\n<li>OTROS<\/li>\n<li>Bang &amp; Olufsen, dual speakers<\/li>\n<li>3\u00a0Number of USB 3.0 Type A Ports, 1\u00a0Number of HDMI Outputs,\u00a0Headphone Jack<\/li>\n<li>Control zone trackpad Mouse, Equipo con Sistema de Alta Refrigeraci\u00f3n con tecnolog\u00eda CoolSense.<\/li>\n<li>Bater\u00eda: Lithium ion.<\/li>\n<li>Sonido: Stereo speakers<\/li>\n<li>Control zone trackpad Mouse, Equipo con Sistema de Alta Refrigeraci\u00f3n con tecnolog\u00eda CoolSense.<\/li>\n<li>45 W AC power adapter<\/li>\n<\/ul>\n<div><\/div>\n<ul>\n<li>CONTENIDO DE LA COMPRA: Notebook, Bater\u00eda, Cargador, Folleteria HP, Factura y Garant\u00eda<\/li>\n<li>Departamento exclusivo de postventa en tu pa\u00eds<\/li>\n<li>SKU: NTB\/ASUS-ROG-G531GT<\/li>\n<\/ul>\n<p>&nbsp;<\/p>\n","protected":false},"excerpt":{"rendered":"<p>Intel\u00ae Core\u2122 i7- 9750H<br \/>\n8GB RAM<br \/>\n512GB SSD<\/p>\n","protected":false},"featured_media":526,"comment_status":"open","ping_status":"closed","template":"","meta":{"_et_pb_use_builder":"","_et_pb_old_content":""},"product_cat":[31,32,37,40],"product_tag":[],"_links":{"self":[{"href":"http:\/\/wweasyshop.com\/pe\/wp-json\/wp\/v2\/product\/525"}],"collection":[{"href":"http:\/\/wweasyshop.com\/pe\/wp-json\/wp\/v2\/product"}],"about":[{"href":"http:\/\/wweasyshop.com\/pe\/wp-json\/wp\/v2\/types\/product"}],"replies":[{"embeddable":true,"href":"http:\/\/wweasyshop.com\/pe\/wp-json\/wp\/v2\/comments?post=525"}],"wp:featuredmedia":[{"embeddable":true,"href":"http:\/\/wweasyshop.com\/pe\/wp-json\/wp\/v2\/media\/526"}],"wp:attachment":[{"href":"http:\/\/wweasyshop.com\/pe\/wp-json\/wp\/v2\/media?parent=525"}],"wp:term":[{"taxonomy":"product_cat","embeddable":true,"href":"http:\/\/wweasyshop.com\/pe\/wp-json\/wp\/v2\/product_cat?post=525"},{"taxonomy":"product_tag","embeddable":true,"href":"http:\/\/wweasyshop.com\/pe\/wp-json\/wp\/v2\/product_tag?post=525"}],"curies":[{"name":"wp","href":"https:\/\/api.w.org\/{rel}","templated":true}]}}