{"id":486,"date":"2019-08-28T21:37:24","date_gmt":"2019-08-29T00:37:24","guid":{"rendered":"http:\/\/wweasyshop.com\/pe\/?post_type=product&#038;p=486"},"modified":"2019-08-29T11:39:40","modified_gmt":"2019-08-29T14:39:40","slug":"notebook-hp-i3-8va-gen-8gb-ram-128gb-ssd-laptop-13-super-liviana-fhd","status":"publish","type":"product","link":"http:\/\/wweasyshop.com\/pe\/product\/notebook-hp-i3-8va-gen-8gb-ram-128gb-ssd-laptop-13-super-liviana-fhd\/","title":{"rendered":"Notebook HP i3 8va Gen \/ 8GB RAM+ 128GB SSD \/ Laptop 13&#8243; &#8211; Super Liviana FHD"},"content":{"rendered":"<ul>\n<li><b>** GARANT\u00cdA 12 MESES * ATENCI\u00d3N DIRECTA EN TU PA\u00cdS **<\/b><\/li>\n<li>24 MESES DE GARANT\u00cdA Y SOPORTE ONLINE<\/li>\n<li>SOMOS LIDERES EN VENTAS Y SOPORTE INTERNACIONAL<\/li>\n<\/ul>\n<div><\/div>\n<ul>\n<li>COMPRA F\u00c1CIL !!<\/li>\n<li>Paga en tu moneda local y rec\u00edbelo DIRECTO DE USA en la puerta de tu casa !<\/li>\n<li>No te pierdas los Promociones y Descuentos vigentes en tu pa\u00eds<\/li>\n<\/ul>\n<div><\/div>\n<ul>\n<li>CARACTER\u00cdSTICAS<\/li>\n<li><span lang=\"ES-CO\">Procesador:\u00a0<\/span>Intel\u00ae Core\u2122 i3-8145U (2.1 GHz base frequency, up to 3.9 GHz with Intel\u00ae Turbo Boost Technology, 4 MB cache, 2 cores)<\/li>\n<li><span lang=\"ES-CO\">Ram: 8GB DDR4<\/span><\/li>\n<li><span lang=\"ES-CO\">Almacenamiento: 128GB SSD<\/span><\/li>\n<li><span lang=\"ES-CO\">Pantalla:\u00a0<\/span>13.3&#8243; diagonal FHD IPS BrightView micro-edge WLED-backlit (1920 x 1080)<\/li>\n<li><span lang=\"ES-CO\">Sistema Operativo: Windows 10 US Original<\/span><\/li>\n<li><span lang=\"ES-CO\">Tarjeta Gr\u00e1fica: Intel\u00ae UHD Graphics 620<\/span><\/li>\n<li><span lang=\"ES-CO\">Teclado: Internacional con pad num\u00e9rico incorporado<\/span><\/li>\n<li><span lang=\"ES-CO\">Dvd: SuperMulti DVD burner<\/span><\/li>\n<li><span lang=\"ES-CO\">Garant\u00eda: 12 meses\u00a0<\/span><\/li>\n<li>IDEAL PARA LLEVAR A TODOS LADOS \/\/ SUPER LIVIANA<\/li>\n<\/ul>\n<div><\/div>\n<ul>\n<li><span lang=\"ES-CO\">OTROS<\/span><\/li>\n<li><span lang=\"ES-CO\">HP TrueVision HD Webcam \/ Micr\u00f3fono Incorporado \/ Wifi \/ Bluetooth 4.2<\/span><\/li>\n<li><span lang=\"ES-CO\">2 USB 3.1, 1 USB 2.0, 1 HDMI, SD Memory Card<\/span><\/li>\n<li><span lang=\"ES-CO\">Control zone trackpad Mouse, Equipo con Sistema de Alta Refrigeraci\u00f3n con tecnolog\u00eda CoolSense.<\/span><\/li>\n<li><span lang=\"ES-CO\">Bater\u00eda: Lithium ion.<\/span><\/li>\n<li><span lang=\"ES-CO\">Sonido: Stereo speakers<\/span><\/li>\n<li>Software Operating system Windows 10 Home 64<\/li>\n<li>HP apps: HP Audio Switch; HP ePrint; HP Games by WildTangent; HP JumpStart; HP Recovery Manager; HP Support Assistant; HP Connection Optimizer<\/li>\n<li>Software included: McAfee LiveSafe\u2122<\/li>\n<li>Pre-installed software: CyberLink Power Media Player; Netflix; VUDU<\/li>\n<li><span lang=\"ES-CO\">RECOMENDADA: FACULTAD &#8211; UNIVERSIDAD \/ OFICINA \/ HOGAR \/ USO COTIDIANO<\/span><\/li>\n<\/ul>\n<p>&nbsp;<\/p>\n<ul>\n<li>CONTENIDO DE LA COMPRA: Notebook y Bater\u00eda, Cargador y Cable (110v\/220v).<\/li>\n<li>Departamento exclusivo de postventa en tu pa\u00eds<\/li>\n<li>SKU: NTB\/<span data-sheets-value=\"{&quot;1&quot;:2,&quot;2&quot;:&quot;HP13-an0031wm&quot;}\" data-sheets-userformat=\"{&quot;2&quot;:12883,&quot;3&quot;:{&quot;1&quot;:0},&quot;4&quot;:[null,2,16777215],&quot;7&quot;:{&quot;1&quot;:[{&quot;1&quot;:2,&quot;2&quot;:0,&quot;5&quot;:[null,2,0]},{&quot;1&quot;:0,&quot;2&quot;:0,&quot;3&quot;:3},{&quot;1&quot;:1,&quot;2&quot;:0,&quot;4&quot;:1}]},&quot;9&quot;:0,&quot;12&quot;:0,&quot;15&quot;:&quot;Arial&quot;,&quot;16&quot;:10}\">HP13-an0031wm<\/span><\/li>\n<\/ul>\n<p>&nbsp;<\/p>\n<p>&nbsp;<\/p>\n","protected":false},"excerpt":{"rendered":"<p>Intel\u00ae Core\u2122 i3-8145U<br \/>\n8GB RAM<br \/>\n128GB SSD<\/p>\n","protected":false},"featured_media":489,"comment_status":"open","ping_status":"closed","template":"","meta":{"_et_pb_use_builder":"","_et_pb_old_content":""},"product_cat":[31,34,43],"product_tag":[],"_links":{"self":[{"href":"http:\/\/wweasyshop.com\/pe\/wp-json\/wp\/v2\/product\/486"}],"collection":[{"href":"http:\/\/wweasyshop.com\/pe\/wp-json\/wp\/v2\/product"}],"about":[{"href":"http:\/\/wweasyshop.com\/pe\/wp-json\/wp\/v2\/types\/product"}],"replies":[{"embeddable":true,"href":"http:\/\/wweasyshop.com\/pe\/wp-json\/wp\/v2\/comments?post=486"}],"wp:featuredmedia":[{"embeddable":true,"href":"http:\/\/wweasyshop.com\/pe\/wp-json\/wp\/v2\/media\/489"}],"wp:attachment":[{"href":"http:\/\/wweasyshop.com\/pe\/wp-json\/wp\/v2\/media?parent=486"}],"wp:term":[{"taxonomy":"product_cat","embeddable":true,"href":"http:\/\/wweasyshop.com\/pe\/wp-json\/wp\/v2\/product_cat?post=486"},{"taxonomy":"product_tag","embeddable":true,"href":"http:\/\/wweasyshop.com\/pe\/wp-json\/wp\/v2\/product_tag?post=486"}],"curies":[{"name":"wp","href":"https:\/\/api.w.org\/{rel}","templated":true}]}}