{"id":482,"date":"2019-08-28T21:01:57","date_gmt":"2019-08-29T00:01:57","guid":{"rendered":"http:\/\/wweasyshop.com\/pe\/?post_type=product&#038;p=482"},"modified":"2019-08-30T17:08:39","modified_gmt":"2019-08-30T20:08:39","slug":"notebook-hp-dual-core-4gb-ram-emmc-laptop-stream-super-liviana","status":"publish","type":"product","link":"http:\/\/wweasyshop.com\/pe\/product\/notebook-hp-dual-core-4gb-ram-emmc-laptop-stream-super-liviana\/","title":{"rendered":"Notebook HP Dual Core Stream \/ 4GB RAM + eMMC \/ Laptop 11&#8243; &#8211; Super Liviana"},"content":{"rendered":"<ul>\n<li><b>** GARANT\u00cdA 12 MESES * ATENCI\u00d3N DIRECTA EN TU PA\u00cdS **<\/b><\/li>\n<li>24 MESES DE GARANT\u00cdA Y SOPORTE ONLINE<\/li>\n<li>SOMOS LIDERES EN VENTAS Y SOPORTE INTERNACIONAL<\/li>\n<\/ul>\n<p>&nbsp;<\/p>\n<ul>\n<li>COMPRA F\u00c1CIL !!<\/li>\n<li>Paga en tu moneda local y rec\u00edbelo DIRECTO DE USA en la puerta de tu casa !<\/li>\n<li>No te pierdas los Promociones y Descuentos vigentes en tu pa\u00eds<\/li>\n<\/ul>\n<p>&nbsp;<\/p>\n<ul>\n<li>CARACTER\u00cdSTICAS<\/li>\n<li>Procesador: Intel\u00ae Celeron\u00ae Dual-Core N3060 1.6GHz<\/li>\n<li>Ram: 4GB<\/li>\n<li>Almacenamiento: 32GB eMMC<\/li>\n<li>Pantalla: 11&#8243; HD WLED-backlit (1366 x 768)<\/li>\n<li>Sistema Operativo: Windows 10 US Original<\/li>\n<li>Tarjeta Gr\u00e1fica: Intel\u00ae HD<\/li>\n<li>Dvd: NO<\/li>\n<li>Garant\u00eda: 12 meses<\/li>\n<li>IDEAL PARA TRANSPORTAR A TODOS LADOS \/\/ SUPER LIVIANA<\/li>\n<\/ul>\n<p>&nbsp;<\/p>\n<ul>\n<li>OTROS:<\/li>\n<li>Wireless Connectivity: 1&#215;1 802.11b\/g\/n WLAN Bluetooth<\/li>\n<li>Expansion slots: 1 multi-format SD media card reader<\/li>\n<li>External ports: 1 HDMI; 1 combo de auriculares\/micr\u00f3fono; 1 USB 2.0; 2 USB 3.1 Gen 1<\/li>\n<li>Minimum dimensions: 0.78 in (H) x 11.81 in (W) x 8.10 in (D)<\/li>\n<li>Power supply type: 45W AC adapter<\/li>\n<li>Battery type: 3-cell 37WHr 3.25<\/li>\n<li>Front-facing HP TrueVision HD Webcam with integrated digital microphone.<\/li>\n<li>Audio features: Dual Speakers<\/li>\n<li>Bang &amp; Olufsen, dual speakers<\/li>\n<li>HP APPS: HP CoolSense; HP ePrint; HP Audio Switch; HP Jumpstart; HP Recovery Manager; HP Support Assistant; HP Sure Connect<\/li>\n<li>Software included: McAfee LiveSafe\u2122<\/li>\n<li>Pre-installed software: Netflix<\/li>\n<\/ul>\n<p>&nbsp;<\/p>\n<ul>\n<li>CONTENIDO DE LA COMPRA: Notebook y Bater\u00eda, Cargador y Cable (110v\/220v).<\/li>\n<li>Departamento exclusivo de postventa en tu pa\u00eds<\/li>\n<li>SKU: NTB\/HP11-AH011<\/li>\n<\/ul>\n","protected":false},"excerpt":{"rendered":"<p>Intel\u00ae Celeron\u00ae Dual-Core N3060<br \/>\n4GB RAM<br \/>\n32GB eMMC<\/p>\n","protected":false},"featured_media":619,"comment_status":"open","ping_status":"closed","template":"","meta":{"_et_pb_use_builder":"","_et_pb_old_content":""},"product_cat":[31,36,38],"product_tag":[],"_links":{"self":[{"href":"http:\/\/wweasyshop.com\/pe\/wp-json\/wp\/v2\/product\/482"}],"collection":[{"href":"http:\/\/wweasyshop.com\/pe\/wp-json\/wp\/v2\/product"}],"about":[{"href":"http:\/\/wweasyshop.com\/pe\/wp-json\/wp\/v2\/types\/product"}],"replies":[{"embeddable":true,"href":"http:\/\/wweasyshop.com\/pe\/wp-json\/wp\/v2\/comments?post=482"}],"wp:featuredmedia":[{"embeddable":true,"href":"http:\/\/wweasyshop.com\/pe\/wp-json\/wp\/v2\/media\/619"}],"wp:attachment":[{"href":"http:\/\/wweasyshop.com\/pe\/wp-json\/wp\/v2\/media?parent=482"}],"wp:term":[{"taxonomy":"product_cat","embeddable":true,"href":"http:\/\/wweasyshop.com\/pe\/wp-json\/wp\/v2\/product_cat?post=482"},{"taxonomy":"product_tag","embeddable":true,"href":"http:\/\/wweasyshop.com\/pe\/wp-json\/wp\/v2\/product_tag?post=482"}],"curies":[{"name":"wp","href":"https:\/\/api.w.org\/{rel}","templated":true}]}}