{"id":357,"date":"2019-08-27T01:03:35","date_gmt":"2019-08-27T04:03:35","guid":{"rendered":"http:\/\/wweasyshop.com\/pe\/?post_type=product&#038;p=357"},"modified":"2019-09-18T10:21:53","modified_gmt":"2019-09-18T13:21:53","slug":"notebook-hp-intel-quadcore-4gb-ram-500gb-hdd-laptop-15-6-touch","status":"publish","type":"product","link":"http:\/\/wweasyshop.com\/pe\/product\/notebook-hp-intel-quadcore-4gb-ram-500gb-hdd-laptop-15-6-touch\/","title":{"rendered":"Notebook HP Intel QuadCore N5000 \/ 4GB RAM + 500GB HDD \/ Laptop 15.6&#8243; Touch"},"content":{"rendered":"<div>\n<ul>\n<li><b>** GARANT\u00cdA 12 MESES * ATENCI\u00d3N DIRECTA EN TU PA\u00cdS **<\/b><\/li>\n<li>24 MESES DE GARANT\u00cdA Y SOPORTE ONLINE<\/li>\n<li>SOMOS LIDERES EN VENTAS Y SOPORTE INTERNACIONAL<\/li>\n<\/ul>\n<div><\/div>\n<ul>\n<li>COMPRA F\u00c1CIL !!<\/li>\n<li>Paga en tu moneda local y rec\u00edbelo DIRECTO DE USA en la puerta de tu casa !<\/li>\n<li>No te pierdas los Promociones y Descuentos vigentes en tu pa\u00eds<\/li>\n<\/ul>\n<div><\/div>\n<\/div>\n<ul>\n<li>CARACTER\u00cdSTICAS<\/li>\n<li>Procesador: Intel\u00ae Pentium\u00ae QuadCore N5000<\/li>\n<li>Ram: 4GB DDR4<\/li>\n<li>Almacenamiento: 500GB HDD<\/li>\n<li>Pantalla: 15.6&#8243; diagonal HD SVA BrightView WLED-backlit (1366 x 768) Touch<\/li>\n<li>Sistema Operativo: Windows 10 US Original<\/li>\n<li>Tarjeta Gr\u00e1fica: Intel\u00ae UHD Graphics 605<\/li>\n<li>Teclado: Internacional con pad num\u00e9rico incorporado<\/li>\n<li>Garant\u00eda: 12 meses<\/li>\n<\/ul>\n<p>&nbsp;<\/p>\n<ul>\n<li>OTROS<\/li>\n<li>HP TrueVision HD Webcam \/ Micr\u00f3fono Incorporado \/ Wifi \/ Bluetooth 4.2<\/li>\n<li>2 USB 3.1 Gen 1 (Data Transfer Only); 1 USB 2.0; 1 HDMI; 1 RJ-45; 1 headphone\/microphone combo<\/li>\n<li>Control zone trackpad Mouse, Equipo con Sistema de Alta Refrigeraci\u00f3n con tecnolog\u00eda CoolSense.<\/li>\n<li>Bater\u00eda: Lithium ion.<\/li>\n<li>Sonido: Stereo speakers<\/li>\n<li>Software Operating system Windows 10 Home 64<\/li>\n<li>HP APPS: HP Audio Switch; HP ePrint; HP Games by WildTangent; HP JumpStart; HP Recovery Manager; HP Support Assistant; HP Connection Optimizer<\/li>\n<li>Software included: McAfee LiveSafe\u2122<\/li>\n<li>Pre-installed software: CyberLink Power Media Player; Netflix; VUDU<\/li>\n<li>RECOMENDADA: HOGAR \/ OFICINA \/ FACULTAD &#8211; UNIVERSIDAD<\/li>\n<\/ul>\n<div><\/div>\n<ul>\n<li>CONTENIDO DE LA COMPRA: Notebook, Bater\u00eda, Cargador, Folleteria HP, Factura y Garant\u00eda<\/li>\n<li>Departamento exclusivo de postventa en tu pa\u00eds<\/li>\n<li>SKU: NTB\/HP15-BS244<\/li>\n<\/ul>\n<p>&nbsp;<\/p>\n","protected":false},"excerpt":{"rendered":"<p>Intel\u00ae Pentium QuadCore\u2122 N5000<br \/>\n4GB RAM<br \/>\n500GB HDD<\/p>\n","protected":false},"featured_media":466,"comment_status":"open","ping_status":"closed","template":"","meta":{"_et_pb_use_builder":"","_et_pb_old_content":""},"product_cat":[31,36,40,42],"product_tag":[],"_links":{"self":[{"href":"http:\/\/wweasyshop.com\/pe\/wp-json\/wp\/v2\/product\/357"}],"collection":[{"href":"http:\/\/wweasyshop.com\/pe\/wp-json\/wp\/v2\/product"}],"about":[{"href":"http:\/\/wweasyshop.com\/pe\/wp-json\/wp\/v2\/types\/product"}],"replies":[{"embeddable":true,"href":"http:\/\/wweasyshop.com\/pe\/wp-json\/wp\/v2\/comments?post=357"}],"wp:featuredmedia":[{"embeddable":true,"href":"http:\/\/wweasyshop.com\/pe\/wp-json\/wp\/v2\/media\/466"}],"wp:attachment":[{"href":"http:\/\/wweasyshop.com\/pe\/wp-json\/wp\/v2\/media?parent=357"}],"wp:term":[{"taxonomy":"product_cat","embeddable":true,"href":"http:\/\/wweasyshop.com\/pe\/wp-json\/wp\/v2\/product_cat?post=357"},{"taxonomy":"product_tag","embeddable":true,"href":"http:\/\/wweasyshop.com\/pe\/wp-json\/wp\/v2\/product_tag?post=357"}],"curies":[{"name":"wp","href":"https:\/\/api.w.org\/{rel}","templated":true}]}}