{"id":349,"date":"2019-08-27T00:02:29","date_gmt":"2019-08-27T03:02:29","guid":{"rendered":"http:\/\/wweasyshop.com\/pe\/?post_type=product&#038;p=349"},"modified":"2019-08-29T18:10:32","modified_gmt":"2019-08-29T21:10:32","slug":"notebook-hp-i7-8va-gen-24gb-816-optane-1tb-hdd-laptop-15-6-touch-2","status":"publish","type":"product","link":"http:\/\/wweasyshop.com\/pe\/product\/notebook-hp-i7-8va-gen-24gb-816-optane-1tb-hdd-laptop-15-6-touch-2\/","title":{"rendered":"Notebook HP i7 8va Gen &#8211; 24GB (8GB+16GB Optane) + 1TB HDD  \/ Laptop 15.6&#8243; Touch"},"content":{"rendered":"<div>\n<ul>\n<li><b>** GARANT\u00cdA 12 MESES * ATENCI\u00d3N DIRECTA EN TU PA\u00cdS **<\/b><\/li>\n<li>24 MESES DE GARANT\u00cdA Y SOPORTE ONLINE<\/li>\n<li>SOMOS LIDERES EN VENTAS Y SOPORTE INTERNACIONAL<\/li>\n<\/ul>\n<div><\/div>\n<ul>\n<li>COMPRA F\u00c1CIL !!<\/li>\n<li>Paga en tu moneda local y rec\u00edbelo DIRECTO DE USA en la puerta de tu casa !<\/li>\n<li>No te pierdas los Promociones y Descuentos vigentes en tu pa\u00eds<\/li>\n<\/ul>\n<div><\/div>\n<\/div>\n<div>\n<ul>\n<li>CARACTER\u00cdSTICAS<\/li>\n<li>Procesador: Intel\u00ae Core\u2122 i7-8550U (1.8 GHz base frequency, up to 4 GHz with Intel\u00ae Turbo Boost Technology, 8 MB cache, 4 cores)<\/li>\n<li>Memoria: 8 GB DDR4<\/li>\n<li>Almacenamiento: 1TB HDD + OPTANE 16gb<\/li>\n<li>Pantalla: 15.6&#8243; HD SVA WLED-backlit touch screen (1366 x 768)<\/li>\n<li>Sistema Operativo: Windows 10 US Original<\/li>\n<li>Tarjeta Gr\u00e1fica: Intel\u00ae UHD Graphics 620<\/li>\n<li>DVD: Si<\/li>\n<li>Teclado: Internacional con pad num\u00e9rico incorporado<\/li>\n<li>Bater\u00eda: Extra Duraci\u00f3n<\/li>\n<li>Garant\u00eda: 12 meses<\/li>\n<\/ul>\n<p>&nbsp;<\/p>\n<ul>\n<li>OTROS<\/li>\n<li>HP Wide Camera with integrated digital microphone<\/li>\n<li>Bang &amp; Olufsen, dual speakers<\/li>\n<li>2 USB 3.1 Gen 1 (Data transfer only); 1 USB 2.0; 1 HDMI 1.4b; 1 RJ-45; 1 headphone\/microphone combo<\/li>\n<li>Control zone trackpad Mouse, Equipo con Sistema de Alta Refrigeraci\u00f3n con tecnolog\u00eda CoolSense.<\/li>\n<li>Bater\u00eda: Lithium ion.<\/li>\n<li>Sonido: Stereo speakers<\/li>\n<li>45 W AC power adapter<\/li>\n<li>HP APPS: HP CoolSense; HP ePrint; HP Audio Switch; HP Jumpstart; HP Recovery Manager; HP Support Assistant; HP Sure Connect<\/li>\n<li>Software included: McAfee LiveSafe\u2122<\/li>\n<li>Pre-installed software: Netflix<\/li>\n<li>RECOMENDADA: OFICINA \/ FACULTAD &#8211; UNIVERSIDAD \/ HOGAR<\/li>\n<\/ul>\n<div><\/div>\n<ul>\n<li>CONTENIDO DE LA COMPRA: Notebook y Bater\u00eda, Cargador y Cable (110v\/220v).<\/li>\n<li>Departamento exclusivo de postventa en tu pa\u00eds<\/li>\n<li>SKU: NTB\/HP15-DA0073<\/li>\n<\/ul>\n<p>&nbsp;<\/p>\n<\/div>\n","protected":false},"excerpt":{"rendered":"<p>Intel\u00ae Core\u2122 i7-8550U<br \/>\n24GB RAM (8GB ddr4 + 16GB Optane)<br \/>\n1TB HDD + 16GB SSD OPTANE<\/p>\n","protected":false},"featured_media":429,"comment_status":"open","ping_status":"closed","template":"","meta":{"_et_pb_use_builder":"","_et_pb_old_content":""},"product_cat":[31,32,40],"product_tag":[],"_links":{"self":[{"href":"http:\/\/wweasyshop.com\/pe\/wp-json\/wp\/v2\/product\/349"}],"collection":[{"href":"http:\/\/wweasyshop.com\/pe\/wp-json\/wp\/v2\/product"}],"about":[{"href":"http:\/\/wweasyshop.com\/pe\/wp-json\/wp\/v2\/types\/product"}],"replies":[{"embeddable":true,"href":"http:\/\/wweasyshop.com\/pe\/wp-json\/wp\/v2\/comments?post=349"}],"wp:featuredmedia":[{"embeddable":true,"href":"http:\/\/wweasyshop.com\/pe\/wp-json\/wp\/v2\/media\/429"}],"wp:attachment":[{"href":"http:\/\/wweasyshop.com\/pe\/wp-json\/wp\/v2\/media?parent=349"}],"wp:term":[{"taxonomy":"product_cat","embeddable":true,"href":"http:\/\/wweasyshop.com\/pe\/wp-json\/wp\/v2\/product_cat?post=349"},{"taxonomy":"product_tag","embeddable":true,"href":"http:\/\/wweasyshop.com\/pe\/wp-json\/wp\/v2\/product_tag?post=349"}],"curies":[{"name":"wp","href":"https:\/\/api.w.org\/{rel}","templated":true}]}}