{"id":419,"date":"2019-08-27T11:35:32","date_gmt":"2019-08-27T14:35:32","guid":{"rendered":"http:\/\/wweasyshop.com\/cl\/?post_type=product&#038;p=419"},"modified":"2019-08-29T12:07:35","modified_gmt":"2019-08-29T15:07:35","slug":"notebook-hp-ryzen-3-4gb-ram-1tb-hdd-laptop-156-vega-3","status":"publish","type":"product","link":"http:\/\/wweasyshop.com\/cl\/product\/notebook-hp-ryzen-3-4gb-ram-1tb-hdd-laptop-156-vega-3\/","title":{"rendered":"Notebook HP Ryzen 3 \/ 4GB RAM &#8211; 1TB HDD \/ Laptop 15,6&#8243; &#8211; Vega 3"},"content":{"rendered":"<div>\n<ul>\n<li><b>** GARANT\u00cdA 12 MESES * ATENCI\u00d3N DIRECTA EN TU PA\u00cdS **<\/b><\/li>\n<li>24 MESES DE GARANT\u00cdA Y SOPORTE ONLINE<\/li>\n<li>SOMOS LIDERES EN VENTAS Y SOPORTE INTERNACIONAL<\/li>\n<\/ul>\n<div><\/div>\n<ul>\n<li>COMPRA F\u00c1CIL !!<\/li>\n<li>Paga en tu moneda local y rec\u00edbelo DIRECTO DE USA en la puerta de tu casa !<\/li>\n<li>No te pierdas los Promociones y Descuentos vigentes en tu pa\u00eds<\/li>\n<\/ul>\n<p>&nbsp;<\/p>\n<div>\n<ul>\n<li>Procesador:\u00a0AMD Ryzen 3 2200U\u00a0(2.5GHz up to 3.4GHz)<\/li>\n<li>Memoria: 4 GB DDR4<\/li>\n<li>Placa de Video: AMD Radeon Vega 3<\/li>\n<li>Disco : 1tb HDD<\/li>\n<li>Pantalla:\u00a0<i>15.6&#8243;<\/i>\u00a0HD SVA BrightView WLED-backlit (1366 x 768)<\/li>\n<li>Sistema Operativo: Windows 10 Home 64<\/li>\n<li>Garantia 12 Meses<\/li>\n<\/ul>\n<p>&nbsp;<\/p>\n<ul>\n<li>OTROS<\/li>\n<li>Optical drive: No interno<\/li>\n<li>Keyboard: Full-size island-style with numeric keypad<\/li>\n<li>Pointing device: Touchpad with multi-touch gesture support<\/li>\n<li>Wireless Connectivity: 802.11b\/g\/n + Bluetooth\u00ae 4.0<\/li>\n<li>Network interface: Integrated 10\/100 BASE-T Ethernet LAN<\/li>\n<li>Expansion slots: 1 multi-format SD media card reader<\/li>\n<li>External ports: 2 USB 3.0; 1 USB 2.0; 1 HDMI; 1 RJ-45; 1 headphone\/microphone combo<\/li>\n<li>Minimum dimensions (W x D x H): 15.14 in x 10.28 in x 0.99 in<\/li>\n<li>Weight: 1,77 kg<\/li>\n<li>Power supply type: 45 W AC power adapter<\/li>\n<li>Battery type: 3-cell, 41 Wh Li-ion<\/li>\n<li>Webcam: HP Wide Vision HD Camera with dual array digital microphone<\/li>\n<li>Audio features: B&amp;O PLAY with 2 speakers<\/li>\n<\/ul>\n<p>&nbsp;<\/p>\n<\/div>\n<\/div>\n<ul>\n<li>CONTENIDO DE LA COMPRA: Notebook, Bater\u00eda, Cargador, Folleteria HP, Factura y Garant\u00eda<\/li>\n<li>Departamento exclusivo de postventa en tu pa\u00eds<\/li>\n<li>SKU: NTB\/HP15-DB0066<\/li>\n<\/ul>\n<p>&nbsp;<\/p>\n","protected":false},"excerpt":{"rendered":"<p>AMD Ryzen 3 2200U<br \/>\n4GB RAM<br \/>\n1TB HDD<\/p>\n","protected":false},"featured_media":523,"comment_status":"open","ping_status":"closed","template":"","meta":{"_et_pb_use_builder":"","_et_pb_old_content":""},"product_cat":[31,35,40],"product_tag":[],"_links":{"self":[{"href":"http:\/\/wweasyshop.com\/cl\/wp-json\/wp\/v2\/product\/419"}],"collection":[{"href":"http:\/\/wweasyshop.com\/cl\/wp-json\/wp\/v2\/product"}],"about":[{"href":"http:\/\/wweasyshop.com\/cl\/wp-json\/wp\/v2\/types\/product"}],"replies":[{"embeddable":true,"href":"http:\/\/wweasyshop.com\/cl\/wp-json\/wp\/v2\/comments?post=419"}],"wp:featuredmedia":[{"embeddable":true,"href":"http:\/\/wweasyshop.com\/cl\/wp-json\/wp\/v2\/media\/523"}],"wp:attachment":[{"href":"http:\/\/wweasyshop.com\/cl\/wp-json\/wp\/v2\/media?parent=419"}],"wp:term":[{"taxonomy":"product_cat","embeddable":true,"href":"http:\/\/wweasyshop.com\/cl\/wp-json\/wp\/v2\/product_cat?post=419"},{"taxonomy":"product_tag","embeddable":true,"href":"http:\/\/wweasyshop.com\/cl\/wp-json\/wp\/v2\/product_tag?post=419"}],"curies":[{"name":"wp","href":"https:\/\/api.w.org\/{rel}","templated":true}]}}