{"id":409,"date":"2019-08-27T09:58:16","date_gmt":"2019-08-27T12:58:16","guid":{"rendered":"http:\/\/wweasyshop.com\/cl\/?post_type=product&#038;p=409"},"modified":"2019-08-29T17:56:11","modified_gmt":"2019-08-29T20:56:11","slug":"notebook-hp-i7-8va-gen-24gb-8gb16gb-optane-1tb-hdd-laptop-15-6-nvidia-geforce","status":"publish","type":"product","link":"http:\/\/wweasyshop.com\/cl\/product\/notebook-hp-i7-8va-gen-24gb-8gb16gb-optane-1tb-hdd-laptop-15-6-nvidia-geforce\/","title":{"rendered":"Notebook HP i7 8va Gen \/ 24GB (8GB+16GB Optane) + 1TB HDD  \/ Laptop 15.6&#8243; &#8211; NVIDIA\u00ae GeForce\u00ae"},"content":{"rendered":"<div>\n<ul>\n<li><b>** GARANT\u00cdA 12 MESES * ATENCI\u00d3N DIRECTA EN TU PA\u00cdS **<\/b><\/li>\n<li>24 MESES DE GARANT\u00cdA Y SOPORTE ONLINE<\/li>\n<li>SOMOS LIDERES EN VENTAS Y SOPORTE INTERNACIONAL<\/li>\n<\/ul>\n<div><\/div>\n<ul>\n<li>COMPRA F\u00c1CIL !!<\/li>\n<li>Paga en tu moneda local y rec\u00edbelo DIRECTO DE USA en la puerta de tu casa !<\/li>\n<li>No te pierdas los Promociones y Descuentos vigentes en tu pa\u00eds<\/li>\n<\/ul>\n<div><\/div>\n<\/div>\n<ul>\n<li>CARACTER\u00cdSTICAS<\/li>\n<li>Procesador: Intel\u00ae Core\u2122 i7 8750H (2.2 GHz base frequency, up to 4.1 GHz with Intel\u00ae Turbo Boost Technology, 9 MB cache, 6 cores)<\/li>\n<li>Memoria: 8 GB DDR4<\/li>\n<li>Almacenamiento: 1TB HDD + OPTANE 16gb<\/li>\n<li>Pantalla: 15.6&#8243; FHD IPS anti-glare micro-edge WLED-backlit (1920 x 1080)<\/li>\n<li>Sistema Operativo: Windows 10 US Original<\/li>\n<li>Tarjeta Gr\u00e1fica: NVIDIA\u00ae GeForce\u00ae GTX 1060 (3 GB dedicated)<\/li>\n<li>Teclado: Internacional con pad num\u00e9rico incorporado<\/li>\n<li>Bater\u00eda: Extra Duraci\u00f3n<\/li>\n<li>Garant\u00eda: 12 meses<\/li>\n<li>RECOMENDADA: GAMER \/ DISE\u00d1O \/ ARQUITECTURA<\/li>\n<\/ul>\n<p>&nbsp;<\/p>\n<ul>\n<li>OTROS<\/li>\n<li>HP Wide Camera with integrated digital microphone<\/li>\n<li>Bang &amp; Olufsen, dual speakers<\/li>\n<li>1 USB 3.1 Type-C\u2122 Gen 1 (Data transfer only, up to 5 Gb\/s); 3 USB 3.1 Gen 1 (1 HP Sleep and Charge); 1 HDMI 2.0; 1 RJ-45; 1 headphone\/microphone combo<\/li>\n<li>Control zone trackpad Mouse, Equipo con Sistema de Alta Refrigeraci\u00f3n con tecnolog\u00eda CoolSense.<\/li>\n<li>Bater\u00eda: Lithium ion.<\/li>\n<li>Sonido: Stereo speakers<\/li>\n<li>200 W AC power adapter<\/li>\n<li>HP APPS: HP CoolSense; HP ePrint; HP Audio Switch; HP Jumpstart; HP Recovery Manager; HP Support Assistant; HP Sure Connect<\/li>\n<li>Software included: McAfee LiveSafe\u2122<\/li>\n<li>Pre-installed software: Netflix<\/li>\n<\/ul>\n<div><\/div>\n<ul>\n<li>CONTENIDO DE LA COMPRA: Notebook, Bater\u00eda, Cargador, Folleteria HP, Factura y Garant\u00eda<\/li>\n<li>Departamento exclusivo de postventa en tu pa\u00eds<\/li>\n<li>SKU: NTB\/HP15-CX0077<\/li>\n<\/ul>\n<p>&nbsp;<\/p>\n","protected":false},"excerpt":{"rendered":"<p>Intel\u00ae Core\u2122 i7 8750H<br \/>\n24GB RAM (8GB ddr4 + 16GB Optane)<br \/>\n1TB HDD + 16GB SSD OPTANE<\/p>\n","protected":false},"featured_media":472,"comment_status":"open","ping_status":"closed","template":"","meta":{"_et_pb_use_builder":"","_et_pb_old_content":""},"product_cat":[31,32,37,40],"product_tag":[],"_links":{"self":[{"href":"http:\/\/wweasyshop.com\/cl\/wp-json\/wp\/v2\/product\/409"}],"collection":[{"href":"http:\/\/wweasyshop.com\/cl\/wp-json\/wp\/v2\/product"}],"about":[{"href":"http:\/\/wweasyshop.com\/cl\/wp-json\/wp\/v2\/types\/product"}],"replies":[{"embeddable":true,"href":"http:\/\/wweasyshop.com\/cl\/wp-json\/wp\/v2\/comments?post=409"}],"wp:featuredmedia":[{"embeddable":true,"href":"http:\/\/wweasyshop.com\/cl\/wp-json\/wp\/v2\/media\/472"}],"wp:attachment":[{"href":"http:\/\/wweasyshop.com\/cl\/wp-json\/wp\/v2\/media?parent=409"}],"wp:term":[{"taxonomy":"product_cat","embeddable":true,"href":"http:\/\/wweasyshop.com\/cl\/wp-json\/wp\/v2\/product_cat?post=409"},{"taxonomy":"product_tag","embeddable":true,"href":"http:\/\/wweasyshop.com\/cl\/wp-json\/wp\/v2\/product_tag?post=409"}],"curies":[{"name":"wp","href":"https:\/\/api.w.org\/{rel}","templated":true}]}}