{"id":353,"date":"2019-08-27T00:40:02","date_gmt":"2019-08-27T03:40:02","guid":{"rendered":"http:\/\/wweasyshop.com\/cl\/?post_type=product&#038;p=353"},"modified":"2019-08-29T18:07:05","modified_gmt":"2019-08-29T21:07:05","slug":"notebook-hp-i7-8va-gen-16gb-ram-1tb-hdd-ssd-256gb-laptop-17-nvidia-geforce","status":"publish","type":"product","link":"http:\/\/wweasyshop.com\/cl\/product\/notebook-hp-i7-8va-gen-16gb-ram-1tb-hdd-ssd-256gb-laptop-17-nvidia-geforce\/","title":{"rendered":"Notebook HP i7 8va Gen &#8211; 16GB RAM + 1TB HDD + SSD 256gb \/ Laptop 17&#8243; NVIDIA\u00ae GeForce\u00ae"},"content":{"rendered":"<div>\n<ul>\n<li><b>** GARANT\u00cdA 12 MESES * ATENCI\u00d3N DIRECTA EN TU PA\u00cdS **<\/b><\/li>\n<li>24 MESES DE GARANT\u00cdA Y SOPORTE ONLINE<\/li>\n<li>SOMOS LIDERES EN VENTAS Y SOPORTE INTERNACIONAL<\/li>\n<\/ul>\n<div><\/div>\n<ul>\n<li>COMPRA F\u00c1CIL !!<\/li>\n<li>Paga en tu moneda local y rec\u00edbelo DIRECTO DE USA en la puerta de tu casa !<\/li>\n<li>No te pierdas los Promociones y Descuentos vigentes en tu pa\u00eds<\/li>\n<\/ul>\n<div><\/div>\n<\/div>\n<div>\n<ul>\n<li>CARACTERISTICAS<\/li>\n<li>Procesador: Intel\u00ae Core\u2122 i7-8750H (2.2 GHz base frequency, up to 4.1 GHz with Intel\u00ae Turbo Boost Technology, 9 MB cache, 6 cores)<\/li>\n<li>Memoria: 16 GB DDR4<\/li>\n<li>Almacenamiento: 1TB HDD + SSD 256GB<\/li>\n<li>Pantalla: 17.3&#8243;\u00a0\u00a0\u00a0FHD 120 Hz IPS anti-glare WLED-backlit (1920 x 1080)<\/li>\n<li>Sistema Operativo: Windows 10 US Original<\/li>\n<li>Tarjeta Gr\u00e1fica: NVIDIA\u00ae GeForce\u00ae GTX 1070 (8 GB dedicated)<\/li>\n<li>Teclado: Internacional con pad num\u00e9rico incorporado<\/li>\n<li>Bater\u00eda: Extra Duraci\u00f3n<\/li>\n<li>Garant\u00eda: 12 meses<\/li>\n<li>RECOMENDADA: GAMER \/ DISE\u00d1O \/ ARQUITECTURA<\/li>\n<\/ul>\n<p>&nbsp;<\/p>\n<ul>\n<li>OTROS<\/li>\n<li>HP Wide Camera with integrated digital microphone<\/li>\n<li>Bang &amp; Olufsen, dual speakers<\/li>\n<li>1 Thunderbolt\u2122 3 (Data Transfer up to 40 Gb\/s, DP1.2, HP Sleep and Charge); 3 USB 3.1 Gen 1 (1 HP Sleep and Charge); 1 Mini DisplayPort\u2122; 1 HDMI; 1 RJ-45; 1 headphone\/microphone combo; 1 microphone-in<\/li>\n<li>Control zone trackpad Mouse, Equipo con Sistema de Alta Refrigeraci\u00f3n con tecnolog\u00eda CoolSense.<\/li>\n<li>Bater\u00eda: Lithium ion.<\/li>\n<li>Sonido: Stereo speakers<\/li>\n<li>230 W AC power adapter<\/li>\n<li>HP APPS: HP CoolSense; HP ePrint; HP Audio Switch; HP Jumpstart; HP Recovery Manager; HP Support Assistant; HP Sure Connect<\/li>\n<li>Software included: McAfee LiveSafe\u2122<\/li>\n<li>Pre-installed software: Netflix<\/li>\n<\/ul>\n<div><\/div>\n<ul>\n<li>CONTENIDO DE LA COMPRA: Notebook y Bater\u00eda, Cargador y Cable (110v\/220v).<\/li>\n<li>Departamento exclusivo de postventa en tu pa\u00eds<\/li>\n<li>SKU: NTB\/HP17-AN179<\/li>\n<\/ul>\n<p>&nbsp;<\/p>\n<\/div>\n","protected":false},"excerpt":{"rendered":"<p>Intel\u00ae Core\u2122 i7-8750H<br \/>\n16GB RAM<br \/>\n1TB HDD + SSD 256GB<\/p>\n","protected":false},"featured_media":536,"comment_status":"open","ping_status":"closed","template":"","meta":{"_et_pb_use_builder":"","_et_pb_old_content":""},"product_cat":[31,32,37,41],"product_tag":[],"_links":{"self":[{"href":"http:\/\/wweasyshop.com\/cl\/wp-json\/wp\/v2\/product\/353"}],"collection":[{"href":"http:\/\/wweasyshop.com\/cl\/wp-json\/wp\/v2\/product"}],"about":[{"href":"http:\/\/wweasyshop.com\/cl\/wp-json\/wp\/v2\/types\/product"}],"replies":[{"embeddable":true,"href":"http:\/\/wweasyshop.com\/cl\/wp-json\/wp\/v2\/comments?post=353"}],"wp:featuredmedia":[{"embeddable":true,"href":"http:\/\/wweasyshop.com\/cl\/wp-json\/wp\/v2\/media\/536"}],"wp:attachment":[{"href":"http:\/\/wweasyshop.com\/cl\/wp-json\/wp\/v2\/media?parent=353"}],"wp:term":[{"taxonomy":"product_cat","embeddable":true,"href":"http:\/\/wweasyshop.com\/cl\/wp-json\/wp\/v2\/product_cat?post=353"},{"taxonomy":"product_tag","embeddable":true,"href":"http:\/\/wweasyshop.com\/cl\/wp-json\/wp\/v2\/product_tag?post=353"}],"curies":[{"name":"wp","href":"https:\/\/api.w.org\/{rel}","templated":true}]}}