{"id":342,"date":"2019-08-26T13:34:08","date_gmt":"2019-08-26T16:34:08","guid":{"rendered":"http:\/\/wweasyshop.com\/cl\/?post_type=product&#038;p=342"},"modified":"2019-08-29T18:12:58","modified_gmt":"2019-08-29T21:12:58","slug":"notebook-hp-i7-8va-gen-20gb-416-optane-1tb-hdd-flash-laptop-x360-15-6","status":"publish","type":"product","link":"http:\/\/wweasyshop.com\/cl\/product\/notebook-hp-i7-8va-gen-20gb-416-optane-1tb-hdd-flash-laptop-x360-15-6\/","title":{"rendered":"Notebook HP i7 8va Gen &#8211; 20GB (4GB+16GB Optane) 1TB HDD \/ Laptop x360 15.6&#8243;"},"content":{"rendered":"<div>\n<ul>\n<li><b>** GARANT\u00cdA 12 MESES * ATENCI\u00d3N DIRECTA EN TU PA\u00cdS **<\/b><\/li>\n<li>24 MESES DE GARANT\u00cdA Y SOPORTE ONLINE<\/li>\n<li>SOMOS LIDERES EN VENTAS Y SOPORTE INTERNACIONAL<\/li>\n<\/ul>\n<div><\/div>\n<ul>\n<li>COMPRA F\u00c1CIL !!<\/li>\n<li>Paga en tu moneda local y rec\u00edbelo DIRECTO DE USA en la puerta de tu casa !<\/li>\n<li>No te pierdas los Promociones y Descuentos vigentes en tu pa\u00eds<\/li>\n<\/ul>\n<div><\/div>\n<\/div>\n<div>\n<ul>\n<li>CARACTER\u00cdSTICAS<\/li>\n<li>Procesador: Intel\u00ae Core\u2122 i7-8550U QuadoCore<\/li>\n<li>Ram: 20 GB DDR4 (4Gb + 16Gb Optane)<\/li>\n<li>Almacenamiento: 1TB HDD + 16Gb Flash SSD OPTANE<\/li>\n<li>Pantalla: 15.6&#8243; diagonal FHD IPS micro-edge WLED-backlit multitouch-enabled edge-to-edge glass (1920 x 1080)<\/li>\n<li>Sistema Operativo: Windows 10 US Original<\/li>\n<li>Tarjeta Gr\u00e1fica: Intel\u00ae UHD Graphics 620 (up to 8.06 GB)<\/li>\n<li>Teclado: Internacional con pad num\u00e9rico incorporado<\/li>\n<li>Dvd: NO<\/li>\n<li>Garant\u00eda: 12 meses<\/li>\n<\/ul>\n<div><\/div>\n<ul>\n<li>OTROS:<\/li>\n<li>HP Wide Vision FHD IR Camera with integrated dual array digital microphone<\/li>\n<li>Bang &amp; Olufsen, dual speakers<\/li>\n<li>1 USB 3.1 Type-C\u2122 Gen 1 (Data Transfer up to 5 Gb\/s, DP1.2, HP Sleep and Charge); 2 USB 3.1 Gen 1 (1 HP Sleep and Charge); 1 HDMI; 1 headphone\/microphone combo<\/li>\n<li>Control zone trackpad Mouse, Equipo con Sistema de Alta Refrigeraci\u00f3n con tecnolog\u00eda CoolSense.<\/li>\n<li>Bater\u00eda: Lithium ion.<\/li>\n<li>Sonido: Stereo speakers<\/li>\n<li>65 W AC power adapter<\/li>\n<li>HP APPS: HP CoolSense; HP ePrint; HP Audio Switch; HP Jumpstart; HP Recovery Manager; HP Support Assistant; HP Sure Connect<\/li>\n<li>Software included: McAfee LiveSafe\u2122<\/li>\n<li>Pre-installed software: Netflix<\/li>\n<\/ul>\n<div><\/div>\n<ul>\n<li>CONTENIDO DE LA COMPRA: Notebook y Bater\u00eda, Cargador y Cable (110v\/220v).<\/li>\n<li>Departamento exclusivo de postventa en tu pa\u00eds<\/li>\n<li>SKU: NTB\/HP15-BP152<\/li>\n<\/ul>\n<p>&nbsp;<\/p>\n<\/div>\n","protected":false},"excerpt":{"rendered":"<p>Intel\u00ae Core\u2122 i7-8550U<br \/>\n20GB RAM (4GB ddr4 + 16GB Optane)<br \/>\n1TB HDD + 16GB SSD OPTANE<\/p>\n","protected":false},"featured_media":344,"comment_status":"open","ping_status":"closed","template":"","meta":{"_et_pb_use_builder":"","_et_pb_old_content":""},"product_cat":[31,32,40],"product_tag":[],"_links":{"self":[{"href":"http:\/\/wweasyshop.com\/cl\/wp-json\/wp\/v2\/product\/342"}],"collection":[{"href":"http:\/\/wweasyshop.com\/cl\/wp-json\/wp\/v2\/product"}],"about":[{"href":"http:\/\/wweasyshop.com\/cl\/wp-json\/wp\/v2\/types\/product"}],"replies":[{"embeddable":true,"href":"http:\/\/wweasyshop.com\/cl\/wp-json\/wp\/v2\/comments?post=342"}],"wp:featuredmedia":[{"embeddable":true,"href":"http:\/\/wweasyshop.com\/cl\/wp-json\/wp\/v2\/media\/344"}],"wp:attachment":[{"href":"http:\/\/wweasyshop.com\/cl\/wp-json\/wp\/v2\/media?parent=342"}],"wp:term":[{"taxonomy":"product_cat","embeddable":true,"href":"http:\/\/wweasyshop.com\/cl\/wp-json\/wp\/v2\/product_cat?post=342"},{"taxonomy":"product_tag","embeddable":true,"href":"http:\/\/wweasyshop.com\/cl\/wp-json\/wp\/v2\/product_tag?post=342"}],"curies":[{"name":"wp","href":"https:\/\/api.w.org\/{rel}","templated":true}]}}